{"id":290,"date":"2017-07-09T06:49:02","date_gmt":"2017-07-09T04:49:02","guid":{"rendered":"http:\/\/www.air-radio.it\/?page_id=290"},"modified":"2017-07-09T06:49:14","modified_gmt":"2017-07-09T04:49:14","slug":"290-2","status":"publish","type":"page","link":"https:\/\/www.air-radio.it\/index.php\/290-2\/","title":{"rendered":"DAB&#038;FM"},"content":{"rendered":"<div style=\"text-align: justify;\">Mi capita spesso in giro per i forum di assistere alla diatriba tra FM e DAB (o DAB\u00a0+) sul fatto di chi tra i due &#8220;suoni&#8221; meglio.<\/div>\n<div style=\"text-align: justify;\">La considero personalmente un po&#8217; una guerra tra poveri, nel senso che le ottime qualit\u00e0 le conosco su altri sistemi, i due citati sopra sono commerciali e a tutti gli effetti diretti all&#8217;utente finale, quindi professionalmente parlando, entrambe sono buoni per l&#8217;autoradio o l&#8217;impianto di casa. Personalmente come dicevo per &#8220;alta qualit\u00e0&#8221; intendo ben altro, anche per chiamiamola &#8220;deformazione professionale&#8221;.Comunque sia ci sono un paio di cose che volevo illustrare per chi non ne fosse a conoscenza, parametri oggettivi su alcune discussioni che ho letto (e lo ammetto, a volte con un sorriso in faccia) mettendo a confronto, al di la dell&#8217;orecchio dell&#8217;ascoltatore, un paio di cose tecniche, senza entrare troppo nel complicato ma comunque cercando di dare l&#8217;idea.<\/div>\n<p><em><strong>\u00a0Cominciamo con l&#8217;FM Broadcast<\/strong><\/em><\/p>\n<div style=\"text-align: justify;\"><b>Innanzitutto \u00e8 analogico, <\/b><br \/>\nquindi si porta dietro il rumore di fondo. Non ci si scappa, \u00e8 cos\u00ec. Ad alcuni potr\u00e0 piacere, ad altri come il sottoscritto, non piace sentire in sottofondo rumore anche se lieve, specialmente con la classica. Sarebbe come stare ad un concerto con qualcuno che ti soffia nelle orecchie.<\/div>\n<div style=\"text-align: justify;\">Certo, il rumore \u00e8 ben poca roba, ma visto che la maggior parte delle volte sono gli audiofili o presunti tali che portano la questione in piazza, mettiamo anche lui nel &#8220;cestone&#8221;.<\/div>\n<div style=\"text-align: justify;\">\n<div class=\"separator\" style=\"clear: both; text-align: center;\"><a style=\"margin-left: 1em; margin-right: 1em;\" href=\"http:\/\/1.bp.blogspot.com\/-Ue4zDeNEUN8\/UpvLJA2AaII\/AAAAAAAABL0\/995SuVtLl34\/s1600\/744px-RDS_vs_DirectBand_FM-spectrum2.svg.png\"><img decoding=\"async\" loading=\"lazy\" src=\"https:\/\/1.bp.blogspot.com\/-Ue4zDeNEUN8\/UpvLJA2AaII\/AAAAAAAABL0\/995SuVtLl34\/s400\/744px-RDS_vs_DirectBand_FM-spectrum2.svg.png\" width=\"400\" height=\"190\" border=\"0\" \/><\/a><\/div>\n<p>&nbsp;<\/p>\n<\/div>\n<div style=\"text-align: justify;\"><b>Larghezza di banda.<\/b><br \/>\nL&#8217;FM ha una larghezza di banda di circa 15 Khz, buona ma non completa. L&#8217;orecchio umano raggiunge i 20 Khz, quindi all&#8217;appello ne mancano 5. Ora non sto a dilungarmi su come e cosa senta meglio l&#8217;orecchio per cui certe frequenze limite sono trascurabili, chi vuole informarsi a riguardo trover\u00e0 in rete tutto il materiale necessario. Sta di fatto che se limito con appositi filtri una registrazione da 22.050 Khz a 15 Khz, la differenza la si sente, ed \u00e8 bella marcata.<\/div>\n<p>&nbsp;<\/p>\n<table class=\"tr-caption-container\" style=\"clear: left; margin-bottom: 1em; margin-left: auto; margin-right: auto; text-align: center;\" cellspacing=\"0\" cellpadding=\"0\" align=\"center\">\n<tbody>\n<tr>\n<td style=\"text-align: center;\"><a style=\"margin-left: auto; margin-right: auto;\" href=\"http:\/\/2.bp.blogspot.com\/-epFZ1KWLX0Q\/UpvNMHFhABI\/AAAAAAAABMI\/taWdiVa2Zpg\/s1600\/FM.PNG\"><img decoding=\"async\" loading=\"lazy\" src=\"https:\/\/2.bp.blogspot.com\/-epFZ1KWLX0Q\/UpvNMHFhABI\/AAAAAAAABMI\/taWdiVa2Zpg\/s400\/FM.PNG\" width=\"400\" height=\"257\" border=\"0\" \/><\/a><\/td>\n<\/tr>\n<tr>\n<td class=\"tr-caption\" style=\"text-align: center;\">Spettro audio segnale FM (notare limitazione sui 15 Khz)<\/td>\n<\/tr>\n<\/tbody>\n<\/table>\n<table class=\"tr-caption-container\" style=\"margin-left: auto; margin-right: auto; text-align: center;\" cellspacing=\"0\" cellpadding=\"0\" align=\"center\">\n<tbody>\n<tr>\n<td style=\"text-align: center;\"><a style=\"margin-left: auto; margin-right: auto;\" href=\"http:\/\/2.bp.blogspot.com\/-shuENjOnfLQ\/UpvNZY4-bOI\/AAAAAAAABMQ\/MlFVN_iQ3WA\/s1600\/DAB+.PNG\"><img decoding=\"async\" loading=\"lazy\" src=\"https:\/\/2.bp.blogspot.com\/-shuENjOnfLQ\/UpvNZY4-bOI\/AAAAAAAABMQ\/MlFVN_iQ3WA\/s400\/DAB+.PNG\" width=\"400\" height=\"252\" border=\"0\" \/><\/a><\/td>\n<\/tr>\n<tr>\n<td class=\"tr-caption\" style=\"text-align: center;\">Spettro audio segnale DAB\u00a0+ 80 Kbs (limitato a 22 Khz)<\/td>\n<\/tr>\n<\/tbody>\n<\/table>\n<div style=\"text-align: justify;\">I file analizzati qui sopra sono ascoltabili in fondo all&#8217;articolo.<\/div>\n<div style=\"text-align: justify;\"><b><\/b><br \/>\n<b>Qualit\u00e0 del suono e compressione dinamica.<\/b><\/div>\n<div style=\"text-align: justify;\">Utilizzato come lo \u00e8 tutt&#8217;ora a mio modesto parere l&#8217; FM \u00e8 al limite della decenza. Preenfasi, compressori, espansori, limitatori e chi pi\u00f9 ne ha pi\u00f9 ne metta. Alla fine quello che ascolti \u00e8 dinamicamente morto rispetto a quello che viene messo in onda in studio, senza contare che molti brani escono gi\u00e0 devastati dalle case discografiche.<\/div>\n<div style=\"text-align: justify;\">Attenzione, lo so benissimo il 99% della gente di questo non se ne rende conto, abituata oramai ad ascoltare di tutto e da qualsiasi fonte, manca poco che pure i tostapane emettano musica.<\/div>\n<div style=\"text-align: justify;\">\n<p>So anche benissimo che questi stratagemmi sono indispensabili per una corretta trasmissione del segnale, quindi la cosa non \u00e8 una critica, ma una valutazione dei fatti.<\/p>\n<table class=\"tr-caption-container\" style=\"margin-left: auto; margin-right: auto; text-align: center;\" cellspacing=\"0\" cellpadding=\"0\" align=\"center\">\n<tbody>\n<tr>\n<td style=\"text-align: center;\"><a style=\"margin-left: auto; margin-right: auto;\" href=\"http:\/\/1.bp.blogspot.com\/-bAWvNJMK6to\/UpvLbmHS5SI\/AAAAAAAABL8\/SL9d6FMu5yg\/s1600\/Frequency_Spectrum_FM-Radio.gif\"><img decoding=\"async\" loading=\"lazy\" src=\"https:\/\/1.bp.blogspot.com\/-bAWvNJMK6to\/UpvLbmHS5SI\/AAAAAAAABL8\/SL9d6FMu5yg\/s400\/Frequency_Spectrum_FM-Radio.gif\" width=\"400\" height=\"189\" border=\"0\" \/><\/a><\/td>\n<\/tr>\n<tr>\n<td class=\"tr-caption\" style=\"text-align: center;\">Segnale FM con tono stereo a 19 Khz<\/td>\n<\/tr>\n<\/tbody>\n<\/table>\n<p>&nbsp;<\/p>\n<\/div>\n<div style=\"text-align: justify;\"><b>Digitale (DAB+ \u00a0DVB-T\/S\/C HD RADIO)<\/b><\/div>\n<div style=\"text-align: justify;\"><\/div>\n<div style=\"text-align: justify;\">Parto con lo smentire una leggenda metropolitana, il bitrate non fa la qualit\u00e0. Ma come ,direte voi. La mia risposta \u00e8 un &#8220;dipende dal codec utilizzato&#8221;.<\/div>\n<div style=\"text-align: justify;\">Un <b>128<\/b> Kbs 48 Khz MP2 suona peggio di un <b>64<\/b> Kbs 48 Khz MP4 (o AAC+)<\/div>\n<div style=\"text-align: justify;\"><\/div>\n<div style=\"text-align: justify;\"><b>Per capirci meglio.<\/b><\/div>\n<div style=\"text-align: justify;\">L&#8217;MP2 o MPG2 \u00e8 un codec utilizzato da svariati anni in ambito broadcast. Per capirci l&#8217;audio dei segnali DAB (non DAB+) delle emittenti a definizione standard televisive satellitari, terrestri e di alcuni DVD utilizzano questo standard.<\/div>\n<div style=\"text-align: justify;\">E&#8217; un codec che lavora bene a bitrate superiori ai 192 &#8211; 224 Kbs, al di sotto fa notare tutti i suoi limiti. Si parla sempre di segnale STEREO, per un segnale mono vale la met\u00e0.<br \/>\nE si parla sempre anche di campionamenti intorno ai 44.1 o 48 Khz, al di sotto viene usato raramente.<\/div>\n<div style=\"text-align: justify;\"><\/div>\n<div style=\"text-align: justify;\">\n<p>Nel contempo\u00a0<b>MP4 o AAC <\/b>permette di migliorare notevolmente la qualit\u00e0 a parit\u00e0 di bitrate. Dalla tabella qui sotto, potete vedere infatti che a parit\u00e0 di bitrate, l&#8217;ascolto che pi\u00f9 si avvicina al formato non compresso \u00e8 appunto quello dell&#8217; AAC+ (seconda e terza versione dell&#8217; AAC)<\/p>\n<\/div>\n<table class=\"tr-caption-container\" style=\"margin-left: auto; margin-right: auto; text-align: center;\" cellspacing=\"0\" cellpadding=\"0\" align=\"center\">\n<tbody>\n<tr>\n<td style=\"text-align: center;\"><a style=\"margin-left: auto; margin-right: auto;\" href=\"http:\/\/2.bp.blogspot.com\/-bmLcBgq1FfQ\/Upu3BrvS7nI\/AAAAAAAABLk\/JNxj2huNnkk\/s1600\/codec_ebu.gif\"><img decoding=\"async\" loading=\"lazy\" src=\"https:\/\/2.bp.blogspot.com\/-bmLcBgq1FfQ\/Upu3BrvS7nI\/AAAAAAAABLk\/JNxj2huNnkk\/s320\/codec_ebu.gif\" width=\"320\" height=\"231\" border=\"0\" \/><\/a><\/td>\n<\/tr>\n<tr>\n<td class=\"tr-caption\" style=\"text-align: center;\">Comparazione codec<\/td>\n<\/tr>\n<\/tbody>\n<\/table>\n<div style=\"text-align: justify;\"><\/div>\n<p>&nbsp;<\/p>\n<div class=\"separator\" style=\"clear: both; text-align: justify;\">Stiamo parlando di 48 Kbs Stereo. Sinceramente 48 Kbs io all&#8217;ascolto li trovo poveri al pari di un 128 Mp3 (o MP2, le differenze sono minime), con 64 Kbs invece posso dire che siamo ai livelli di un 160 Kbs MP2.<\/div>\n<div class=\"separator\" style=\"clear: both; text-align: justify;\">Stessa cosa per le emittenti streaming, confermo che streaming in mp3 a 128 Kbs siano sterili all&#8217;ascolto, ma ci\u00f2 non toglie che la stessa emittente a 64 Kbs AAC+ o superiore batta di fatto il 128 MP3 di qualche lunghezza. Va anche in questo caso poi valutato che encoder si utilizzi alla fonte, ci sono molte emittenti in streaming a 128 Kbs in mp3 che suonano molto meglio di altre.<\/div>\n<div class=\"separator\" style=\"clear: both; text-align: justify;\">Il DAB nostrano utilizza un bitrate di 72 Kbs a 48 Khz per un segnale stereo, che offre una banda passante quindi di 24 Khz, ben maggiore di quanto possa l&#8217;orecchio umano ascoltare e superiore di fatto all&#8217; FM.<\/div>\n<div class=\"separator\" style=\"clear: both; text-align: justify;\">Da notare poi come molte emittenti di musica classica all&#8217;estero trasmettano senza compressione per preservare tutta la qualit\u00e0 della registrazione originale. Alcune emittenti vanno anche su bitrate superiori, in quanto va deciso a seconda del contenuto del canale, la quantit\u00e0 di bitrate da utilizzare. Ovviamente per una stazione monofonica tipo &#8220;talk radio&#8221; bastano anche 24 o 32 Kbs per avere qualche cosa di buono.<\/div>\n<div class=\"separator\" style=\"clear: both; text-align: justify;\"><\/div>\n<div class=\"separator\" style=\"clear: both; text-align: justify;\">Ma far\u00f2 di pi\u00f9, vi dar\u00f2 modo di ascoltare quello che sto dicendo.<\/div>\n<div class=\"separator\" style=\"clear: both; text-align: justify;\"><\/div>\n<div class=\"separator\" style=\"clear: both; text-align: justify;\">1 &#8211; Questa registrazione \u00e8 stata effettuata a Londra il 27 Luglio 2013 da Capital Fm, Bitrate 128 Kbs a 48 Khz in formato MPG2 o MP2 quindi in DAB, secondo me molto scarso e pieno di artefatti. Potete riprodurre il file con VLC o simili. <a href=\"http:\/\/www.freewaves.it\/audio\/Capital_130727_001.MP2\" target=\"_blank\" rel=\"noopener\">Scarica MP2 cliccando qu<\/a><a href=\"http:\/\/www.freewaves.it\/audio\/Capital_130727_001.MP2\" target=\"_blank\" rel=\"noopener\">i con il tasto destro e fare &#8220;Salva link con nome&#8221;.<\/a><\/div>\n<div class=\"separator\" style=\"clear: both; text-align: justify;\"><\/div>\n<div class=\"separator\" style=\"clear: both; text-align: justify;\">2 &#8211; <a href=\"http:\/\/www.freewaves.it\/audio\/FM.mp3\" target=\"_blank\" rel=\"noopener\">Brano musicale in mp3 a 192 Kbs<\/a> (sono stato alto per non pregiudicare troppo \u00a0la registrazione) estratto dalla modulazione FM con preenfasi (50<span style=\"background-color: white; color: #444444; font-family: 'arial' , sans-serif; font-size: x-small; line-height: 16px; text-align: left;\">\u00b5<\/span>s) \u00a0e compressione standard Europea per la classica. Larghezza di banda 15.350 Khz.<\/div>\n<div class=\"separator\" style=\"clear: both; text-align: justify;\"><\/div>\n<div class=\"separator\" style=\"clear: both; text-align: justify;\">3 &#8211; <a href=\"http:\/\/www.freewaves.it\/audio\/80.mp4\" target=\"_blank\" rel=\"noopener\">Brano musicale in AAC+ (DAB+)\u00a0<\/a>a 80 Kbs 48 Khz stereo, le alte frequenze si sentono (+15Khz), cosa che l&#8217; FM tende un po&#8217; a maciullare. Niente preenfasi e nessuna compressione.<\/div>\n<div class=\"separator\" style=\"clear: both; text-align: justify;\"><\/div>\n<div class=\"separator\" style=\"clear: both; text-align: justify;\">4 &#8211; <a href=\"http:\/\/www.freewaves.it\/audio\/128.mp4\" target=\"_blank\" rel=\"noopener\">Sempre da Guglielmo Tell anche questa volta in AAC+ ma a 128 Kbs<\/a> per avere paragone con l&#8217; MP2 di Capital FM. \u00a0Niente preenfasi e nessuna compressione.<\/div>\n<div class=\"separator\" style=\"clear: both; text-align: justify;\"><\/div>\n<div style=\"text-align: justify;\"><b>Quindi ricapitolando.<\/b><\/div>\n<div style=\"text-align: justify;\">A parit\u00e0 di ricezione (cio\u00e8 con l&#8217;analogico e digitale che si ricevono perfettamente) abbiamo le seguenti differenze a livello qualitativo.<\/div>\n<div style=\"text-align: justify;\"><\/div>\n<div style=\"text-align: justify;\"><span style=\"color: #38761d;\"><b>FM Pro<\/b><\/span><\/div>\n<div style=\"text-align: justify;\">Ricezione semplice<\/div>\n<div style=\"text-align: justify;\">Qualit\u00e0 sonora accettabile<\/div>\n<div style=\"text-align: justify;\"><\/div>\n<div style=\"text-align: justify;\"><span style=\"color: #990000;\"><b>FM Contro<\/b><\/span><\/div>\n<div style=\"text-align: justify;\">Larghezza di banda limitata 15 Khz<br \/>\nCompressione delle dinamiche<\/div>\n<div style=\"text-align: justify;\">Rumore di fondo<\/div>\n<div style=\"text-align: justify;\">Preenfasi audio<\/div>\n<div style=\"text-align: justify;\"><\/div>\n<div style=\"text-align: justify;\"><span style=\"color: #38761d;\"><b>Digitale (MP2) Pro<\/b><\/span><\/div>\n<div style=\"text-align: justify;\">Larghezza di banda 24 Khz<br \/>\nSegnale audio con minore compressione o assente<\/div>\n<div style=\"text-align: justify;\">Assenza di rumore di fondo<\/div>\n<div style=\"text-align: justify;\">Assenza di preenfasi<\/div>\n<div style=\"text-align: justify;\"><\/div>\n<div style=\"text-align: justify;\"><span style=\"color: #990000;\"><b>Digitale (MP2) Contro<\/b><\/span><\/div>\n<div style=\"text-align: justify;\">Necessita di alti bitrate (+128 Kbs) per un segnale stereo senza artefatti<\/div>\n<div style=\"text-align: justify;\">Necessita di hardware dedicati per la ricezione<\/div>\n<div style=\"text-align: justify;\"><\/div>\n<div style=\"text-align: justify;\"><span style=\"color: #38761d;\"><b>Digitale (MP4 &#8211; AAC+) Pro<\/b><\/span><\/div>\n<div style=\"text-align: justify;\">Larghezza di banda 24 Khz o superiore<br \/>\nSegnale audio con minore compressione o assente<\/div>\n<div style=\"text-align: justify;\">Non necessita di bitrate elevati per un segnale stereo, gi\u00e0 accettabile a 64 Kbs, ottima sopra i 72\/80 Kbs a seconda del contenuto<\/div>\n<div style=\"text-align: justify;\">Assenza di rumore di fondo<\/div>\n<div style=\"text-align: justify;\">Assenza di preenfasi<\/div>\n<div style=\"text-align: justify;\"><\/div>\n<div style=\"text-align: justify;\"><span style=\"color: #990000;\"><b>Digitale (MP4 &#8211; AAC+) Contro<\/b><\/span><\/div>\n<div style=\"text-align: justify;\">Necessita di hardware dedicati per la ricezione<\/div>\n<div style=\"text-align: justify;\"><\/div>\n<div style=\"text-align: justify;\">Per concludere, tecnicamente una trasmissione audio digitale, se ben fatta, sia essa via etere o streaming , suona oggettivamente meglio di una in FM. Alcuni affermano che il suono dell&#8217; FM sia pi\u00f9 &#8220;caldo&#8221;, se per caldo s&#8217;intende senza alte frequenze \u00e8 vero, ma non \u00e8 sinonimo di maggiore qualit\u00e0. Sarebbe come mettere il cotone nelle orecchie e dire che &#8220;si sente meglio&#8221;.<br \/>\nE&#8217; chiaro che l&#8217; FM broadcast durer\u00e0 ancora parecchi anni, ma \u00e8 altrettanto chiaro che la direzione presa \u00e8 quella della razionalizzazione delle frequenze e del loro uso. Non \u00e8 chiaro se si chiamer\u00e0 DAB+ o HD Radio o chiss\u00e0 cosa altro s&#8217;inventeranno in futuro, ma \u00e8 chiaro che non si chiamer\u00e0 FM.<br \/>\nRicordiamoci inoltre che gi\u00e0 ora molti ripetitori FM attingono da fonte digitale via satellite o ponte radio, quindi stiamo gi\u00e0 ascoltando un digitale convertito in analogico nato da files digitali in una regia e messa in onda digitale.<br \/>\nE&#8217; come dire che una fotocopia \u00e8 meglio dell&#8217;originale, ma qua va a gusti come dicevo e molte volte anche alle convinzioni di chi sta ascoltando. L&#8217;unica cosa \u00e8 farsi l&#8217;orecchio per un po&#8217; di tempo, ci si render\u00e0 conto che il diavolo non \u00e8 cos\u00ec brutto come lo si dipinge, a patto che chi sta al mixer o in trasmissione, sappia gestire bene quello che ha in mano e che ovviamente ci sia segnale utile&#8230; su questo non ci piove.<\/div>\n<div style=\"text-align: justify;\"><\/div>\n","protected":false},"excerpt":{"rendered":"<p>Mi capita spesso in giro per i forum di assistere alla diatriba tra FM e DAB (o DAB\u00a0+) sul fatto di chi tra i due &#8220;suoni&#8221; meglio. La considero personalmente un po&#8217; una guerra&#46;&#46;&#46;<\/p>\n","protected":false},"author":1,"featured_media":0,"parent":0,"menu_order":0,"comment_status":"closed","ping_status":"closed","template":"","meta":[],"_links":{"self":[{"href":"https:\/\/www.air-radio.it\/index.php\/wp-json\/wp\/v2\/pages\/290"}],"collection":[{"href":"https:\/\/www.air-radio.it\/index.php\/wp-json\/wp\/v2\/pages"}],"about":[{"href":"https:\/\/www.air-radio.it\/index.php\/wp-json\/wp\/v2\/types\/page"}],"author":[{"embeddable":true,"href":"https:\/\/www.air-radio.it\/index.php\/wp-json\/wp\/v2\/users\/1"}],"replies":[{"embeddable":true,"href":"https:\/\/www.air-radio.it\/index.php\/wp-json\/wp\/v2\/comments?post=290"}],"version-history":[{"count":2,"href":"https:\/\/www.air-radio.it\/index.php\/wp-json\/wp\/v2\/pages\/290\/revisions"}],"predecessor-version":[{"id":293,"href":"https:\/\/www.air-radio.it\/index.php\/wp-json\/wp\/v2\/pages\/290\/revisions\/293"}],"wp:attachment":[{"href":"https:\/\/www.air-radio.it\/index.php\/wp-json\/wp\/v2\/media?parent=290"}],"curies":[{"name":"wp","href":"https:\/\/api.w.org\/{rel}","templated":true}]}}