{"id":85,"date":"2017-07-08T02:11:00","date_gmt":"2017-07-08T00:11:00","guid":{"rendered":"http:\/\/www.air-radio.it\/?page_id=85"},"modified":"2017-07-08T02:11:00","modified_gmt":"2017-07-08T00:11:00","slug":"attivita","status":"publish","type":"page","link":"https:\/\/www.air-radio.it\/index.php\/attivita\/","title":{"rendered":"Attivit\u00e0"},"content":{"rendered":"<p><em>Attenzione, molti di questi link portano alla vecchia versione del sito e possono presentare problemi di compatibilit\u00e0 o errori.<\/em><\/p>\n<table border=\"0\" width=\"99%\" cellspacing=\"0\" cellpadding=\"0\" align=\"center\">\n<tbody>\n<tr>\n<td scope=\"col\" valign=\"top\">\n<dl class=\"Stile12\">\n<dt>\n<div align=\"justify\"><strong>L&#8217;Assemblea annuale<\/strong><\/div>\n<\/dt>\n<dd>\n<div align=\"justify\">Si svolge tra la fine di aprile e l&#8217;inizio di maggio, di volta in volta in una diversa localit\u00e0 italiana, con dibattiti, incontri con esponenti del mondo della radio, visite guidate ad emittenti, etc.<\/p>\n<\/div>\n<\/dd>\n<dt>\n<div align=\"justify\"><strong>Il Contest<\/strong><\/div>\n<\/dt>\n<dd>\n<div align=\"justify\">Una simpatica gara di radioascolto, in programma nel mese di gennaio, a cui partecipano appassionati italiani e stranieri.<\/p>\n<\/div>\n<\/dd>\n<dt>\n<div align=\"justify\"><strong>L&#8217;attivit\u00e0 locale<\/strong><\/div>\n<\/dt>\n<dd>\n<div align=\"justify\">In alcune citt\u00e0 (Bologna, Bolzano, Firenze, Torino, Trieste, etc.) si svolgono periodicamente incontri con conferenze, dimostrazioni di ricevitori, scambi di esperienze.<\/p>\n<\/div>\n<\/dd>\n<dt>\n<div align=\"justify\"><strong>I Diplomi<\/strong><\/div>\n<\/dt>\n<dd>\n<div align=\"justify\">Vengono conferiti dall&#8217;Associazione a chi possa dimostrare di aver ascoltato un certo numero di stazioni di vari paesi, esibendo le lettere o cartoline di conferma (QSL) ricevute dalle stazioni stesse o comunque seguendo i disposti dei vari regolamenti qui sotto riportati.<\/p>\n<ul>\n<li><a href=\"http:\/\/www.air-radio.it\/diplomi\/diplomi_air.pdf\">Diploma Unione Europea<\/a><\/li>\n<li><a href=\"http:\/\/www.air-radio.it\/diplomi\/diplomi_air.pdf\">Diploma Continenti<\/a><\/li>\n<li><a href=\"http:\/\/www.air-radio.it\/diplomi\/diplomi_air.pdf\">Diploma Paesi Mondiali<\/a><\/li>\n<\/ul>\n<\/div>\n<\/dd>\n<dt>\n<div align=\"justify\"><strong>I DX-Camp<\/strong><\/div>\n<\/dt>\n<dd>\n<div align=\"justify\">Una buona occasione per fare radioascolto in compagnia di altri appassionati, divertendosi ed imparando. Appuntamento fisso \u00e8 da alcuni anni quello di Cesana Torinese (a settembre), quello di Borgio-Verezzi (inizio di primavera), quello di Vertova (estate), mentre altri incontri si svolgono in date e luoghi che vengono di volta in volta resi noti sia qui, sul portale, che sulle pagine di Radiorama.<\/p>\n<\/div>\n<\/dd>\n<dt>\n<div align=\"justify\"><strong>Altre iniziative<\/strong><\/div>\n<\/dt>\n<dd>\n<div align=\"justify\">Partecipazione a mostre e fiere, visite a siti e a musei di carattere e\/o interesse radiantistico, concorsi, scambi di materiale vario, etc.<\/p>\n<\/div>\n<\/dd>\n<dt>\n<div align=\"justify\"><strong>Documentazione<\/strong><\/div>\n<\/dt>\n<dd>\n<div align=\"justify\">Alcune nostre pi\u00f9 recenti attivit\u00e0 vengono costantemente aggiornate sul Web, compatibilmente con la disponibilit\u00e0 dei Soci a fornirci testi e immagini; altri Soci hanno creato archivi e gallerie di immagini.<\/p>\n<p><strong>Test Onde Medie 2008<\/strong><\/p>\n<ul>\n<li><a href=\"http:\/\/www.air-radio.it\/pdf\/testom09.pdf\">1, 2, 3 settembre 2008<\/a><\/li>\n<li><a href=\"http:\/\/www.air-radio.it\/pdf\/testom10.pdf\">1, 2, 3 ottobre 2008<\/a><\/li>\n<li><a href=\"http:\/\/www.air-radio.it\/pdf\/testom11.pdf\">1, 2, 3 novembre 2008<\/a><\/li>\n<li><a href=\"http:\/\/www.air-radio.it\/pdf\/testom12.pdf\">1, 2, 3 dicembre 2008<\/a><\/li>\n<\/ul>\n<p><strong>Gruppo AIR Lazio:<\/strong><\/p>\n<ul>\n<li><a href=\"http:\/\/www.mclink.it\/personal\/MC4868\/airlazio\/airlazio.htm\">Attivit\u00e0<\/a><\/li>\n<\/ul>\n<p><strong>Gruppo AIR Torino:<\/strong><\/p>\n<table border=\"0\" cellspacing=\"10\" cellpadding=\"0\">\n<tbody>\n<tr>\n<td>\n<ul>\n<li>DX Camp di Primavera a Borgio Verezzi &#8211; Pietra Ligure:\n<ul>\n<li><a href=\"http:\/\/www.brunero.it\/borgio_12\">Edizione 2012<\/a><\/li>\n<li><a href=\"http:\/\/www.brunero.it\/borgio_10\">Edizione 2010<\/a><\/li>\n<li><a href=\"http:\/\/www.brunero.it\/borgio_09\">Edizione 2009<\/a><\/li>\n<li><a href=\"http:\/\/www.brunero.it\/borgio_08\">Edizione 2008<\/a><\/li>\n<li><a href=\"http:\/\/www.brunero.it\/borgio_07\">Edizione 2007<\/a><\/li>\n<li><a href=\"http:\/\/www.brunero.it\/borgio_06\">Edizione 2006<\/a><\/li>\n<li><a href=\"http:\/\/www.brunero.it\/borgio_05\">Edizione 2005<\/a><\/li>\n<li><a href=\"http:\/\/www.brunero.it\/borgio_04\">Edizione 2004<\/a><\/li>\n<li><a href=\"http:\/\/www.brunero.it\/borgio_03\">Edizione 2003<\/a><\/li>\n<\/ul>\n<\/li>\n<\/ul>\n<\/td>\n<td valign=\"top\">\n<ul>\n<li>DX Camp di Primavera al Pian dei Corsi:\n<ul>\n<li><a href=\"http:\/\/www.brunero.it\/ik1qld\/pdf\/campo_2011.pdf\">Edizione 2011 &#8211; articolo<\/a><\/li>\n<li><a href=\"http:\/\/www.brunero.it\/pian-dei-corsi\/index.html\">Edizione 2011 &#8211; foto<\/a><\/li>\n<\/ul>\n<\/li>\n<\/ul>\n<\/td>\n<\/tr>\n<\/tbody>\n<\/table>\n<ul>\n<li>DX Camp &#8220;Alberto Gandolfo&#8221; a Cesana Torinese (vecchio sito internet)\n<ul>\n<li><a href=\"http:\/\/www.air-radio.it\/cesana2011.html\">Edizione 2011<\/a><\/li>\n<li><a href=\"http:\/\/www.air-radio.it\/cesana2010.html\">Edizione 2010<\/a><\/li>\n<li><a href=\"http:\/\/www.air-radio.it\/cesana2009.html\">Edizione 2009<\/a><\/li>\n<li><a href=\"http:\/\/www.air-radio.it\/cesana2008.html\">Edizione 2008<\/a><\/li>\n<li><a href=\"http:\/\/www.air-radio.it\/cesana2007.html\">Edizione 2007<\/a><\/li>\n<li><a href=\"http:\/\/www.air-radio.it\/cesana2006.html\">Edizione 2006<\/a><\/li>\n<li><a href=\"http:\/\/www.air-radio.it\/cesana2005.html\">Edizione 2005<\/a><\/li>\n<li><a href=\"http:\/\/www.air-radio.it\/cesana04.html\">Edizione 2004<\/a><\/li>\n<li><a href=\"http:\/\/www.air-radio.it\/cesana2003.html\">Edizione 2003<\/a><\/li>\n<li><a href=\"http:\/\/www.air-radio.it\/cesana2002.html\">Edizione 2002<\/a><\/li>\n<li><a href=\"http:\/\/www.air-radio.it\/cesana2001.html\">Edizione 2001<\/a><\/li>\n<li><a href=\"http:\/\/www.qsl.net\/ari-moncalieri\/cesana98.html\">Edizione 1998<\/a><\/li>\n<\/ul>\n<\/li>\n<\/ul>\n<p><strong>Meeting annuali (archivio):<\/strong><\/p>\n<ul>\n<li><a href=\"http:\/\/www.air-radio.it\/torino2012\/index.html\">XXX AIR Meeting Torino 2012<\/a><\/li>\n<li><a href=\"http:\/\/www.air-radio.it\/vicoforte\/index.html\">XXIX AIR Meeting Vicoforte di Mondov\u00ec 2011<\/a><\/li>\n<li><a href=\"http:\/\/www.air-radio.it\/faenza\/index.html\">XXVIII AIR Meeting Faenza 2010<\/a><\/li>\n<li><a href=\"http:\/\/www.air-radio.it\/savona\/index.html\">XXVII AIR Meeting Savona 2009<\/a><\/li>\n<li><a href=\"http:\/\/www.air-radio.it\/arezzo\/index.html\">XXVI AIR Meeting Arezzo 2008<\/a><\/li>\n<li><a href=\"http:\/\/www.air-radio.it\/torino\/index.html\">XXV AIR Meeting Torino 2007<\/a><\/li>\n<li><a href=\"http:\/\/www.air-radio.it\/sacile\/index.html\">XXIV AIR Meeting Sacile 2006<\/a><\/li>\n<li><a href=\"http:\/\/www.air-radio.it\/moncalvo05\/index.html\">XXIII AIR Meeting Moncalvo 2005<\/a><\/li>\n<li><a href=\"http:\/\/www.air-radio.it\/verona\/index.html\">XXII AIR Meeting Verona 2004<\/a><\/li>\n<li><a href=\"http:\/\/www.air-radio.it\/montesilvano\/index.html\">XXI AIR Meeting Montesilvano 2003<\/a><\/li>\n<li><a href=\"http:\/\/www.air-radio.it\/meeting2002.html\">XX AIR Meeting Bologna 2002<\/a><\/li>\n<li><a href=\"http:\/\/www.air-radio.it\/meeting2001.html\">AIR Meeting Villa Bartolomea 2001<\/a><\/li>\n<li><a href=\"http:\/\/www.air-radio.it\/meeting2000.html\">AIR Meeting Sanremo 2000<\/a><\/li>\n<li><a href=\"http:\/\/www.air-radio.it\/monterotondo\/programma.pdf\">AIR Meeting Monterotondo 1999<\/a><\/li>\n<\/ul>\n<p><strong>AIR Contest &#8220;Attilio Leoni&#8221;:<\/strong><\/p>\n<table border=\"0\" cellspacing=\"0\" cellpadding=\"0\">\n<tbody>\n<tr>\n<td valign=\"top\">\n<ul>\n<li><a href=\"http:\/\/www.air-radio.it\/doc\/cores01.doc\">Regolamento edizione 2013<\/a><\/li>\n<li><a href=\"http:\/\/www.air-radio.it\/pdf\/contest2012.pdf\">Regolamento edizione 2012<\/a><\/li>\n<li><a href=\"http:\/\/www.air-radio.it\/pdf\/contest2011.pdf\">Regolamento edizione 2011<\/a><\/li>\n<li><a href=\"http:\/\/www.air-radio.it\/pdf\/AIR_Contest_2010.pdf\">Regolamento edizione 2010<\/a><\/li>\n<li><a href=\"http:\/\/www.air-radio.it\/pdf\/contest2009.pdf\">Regolamento edizione 2009<\/a><\/li>\n<li><a href=\"http:\/\/www.air-radio.it\/pdf\/contest2008.pdf\">Regolamento edizione 2008<\/a><\/li>\n<\/ul>\n<\/td>\n<td valign=\"top\">\n<ul>\n<li><\/li>\n<li><a href=\"http:\/\/www.air-radio.it\/pdf\/contestresult2012.pdf\">Classifica edizione 2012<\/a><\/li>\n<li><a href=\"http:\/\/www.air-radio.it\/pdf\/contestresult2011.pdf\">Classifica edizione 2011<\/a><\/li>\n<\/ul>\n<\/td>\n<\/tr>\n<\/tbody>\n<\/table>\n<p><strong>Varie:<\/strong><\/p>\n<ul>\n<li><a href=\"http:\/\/www.air-radio.it\/giove.html\">Ascoltare Giove in Onda Corta<\/a><\/li>\n<li><a href=\"http:\/\/www.air-radio.it\/moncalvo\/index.html\">Mostra Mercato dei Radioamaori di Moncalvo 2002<\/a><\/li>\n<li><a href=\"http:\/\/www.air-radio.it\/pdf\/piratenews10.pdf\">Gara d&#8217;ascolto Emittenti Pirata<\/a><\/li>\n<li><a href=\"http:\/\/www.air-radio.it\/belluno\/index.html\">2\u00b0 DX Meeting Bellunese 2002<\/a><\/li>\n<li><a href=\"http:\/\/www.air-radio.it\/ponza2002.html\">1\u00b0 DX Camp Ponza 2002<\/a><\/li>\n<li><a href=\"http:\/\/www.air-radio.it\/moncalvo01.html\">Mostra Mercato dei Radioamaori di Moncalvo 2001<\/a><\/li>\n<\/ul>\n<\/div>\n<\/dd>\n<\/dl>\n<\/td>\n<\/tr>\n<\/tbody>\n<\/table>\n","protected":false},"excerpt":{"rendered":"<p>Attenzione, molti di questi link portano alla vecchia versione del sito e possono presentare problemi di compatibilit\u00e0 o errori. L&#8217;Assemblea annuale Si svolge tra la fine di aprile e l&#8217;inizio di maggio, di volta&#46;&#46;&#46;<\/p>\n","protected":false},"author":1,"featured_media":0,"parent":0,"menu_order":0,"comment_status":"closed","ping_status":"closed","template":"","meta":[],"_links":{"self":[{"href":"https:\/\/www.air-radio.it\/index.php\/wp-json\/wp\/v2\/pages\/85"}],"collection":[{"href":"https:\/\/www.air-radio.it\/index.php\/wp-json\/wp\/v2\/pages"}],"about":[{"href":"https:\/\/www.air-radio.it\/index.php\/wp-json\/wp\/v2\/types\/page"}],"author":[{"embeddable":true,"href":"https:\/\/www.air-radio.it\/index.php\/wp-json\/wp\/v2\/users\/1"}],"replies":[{"embeddable":true,"href":"https:\/\/www.air-radio.it\/index.php\/wp-json\/wp\/v2\/comments?post=85"}],"version-history":[{"count":1,"href":"https:\/\/www.air-radio.it\/index.php\/wp-json\/wp\/v2\/pages\/85\/revisions"}],"predecessor-version":[{"id":87,"href":"https:\/\/www.air-radio.it\/index.php\/wp-json\/wp\/v2\/pages\/85\/revisions\/87"}],"wp:attachment":[{"href":"https:\/\/www.air-radio.it\/index.php\/wp-json\/wp\/v2\/media?parent=85"}],"curies":[{"name":"wp","href":"https:\/\/api.w.org\/{rel}","templated":true}]}}